{"id":734,"date":"2025-01-17T11:11:49","date_gmt":"2025-01-17T11:11:49","guid":{"rendered":"https:\/\/www.strandenmeer.nl\/kontakt\/"},"modified":"2026-04-10T14:53:54","modified_gmt":"2026-04-10T14:53:54","slug":"kontakt","status":"publish","type":"page","link":"https:\/\/www.strandenmeer.nl\/de\/kontakt\/","title":{"rendered":"Kontakt"},"content":{"rendered":"<div class=\"et_pb_section_0 et_pb_section et_section_regular et_block_section\"><div class=\"et_pb_row_0 et_pb_row et_block_row\"><div class=\"et_pb_column_0 et_pb_column et_pb_column_4_4 et-last-child et_block_column et_pb_css_mix_blend_mode_passthrough\"><div class=\"et_pb_text_0 et_pb_text et_pb_bg_layout_light et_animated et_pb_module et_block_module hav-split-text-container preset--module--divi-text--69d90efee6935\"><div class=\"et_pb_text_inner\"><h1 style=\"margin-bottom: 12px;\">Fragen oder W\u00fcnsche?\u00a0<\/h1>\n<p>Teilen Sie es uns \u00fcber das untenstehende Formular mit. Sie erhalten innerhalb von 48 Stunden eine Antwort.<\/p>\n<\/div><\/div><\/div><\/div><div class=\"et_pb_row_1 et_pb_row et_pb_row_1-2_1-4_1-4 et_block_row et_block_row_1-2_1-4_1-4\"><div class=\"et_pb_column_1 et_pb_column et_pb_column_1_2 et_block_column et_pb_css_mix_blend_mode_passthrough\"><div class=\"et_pb_contact_form_0 et_pb_contact_form_container clearfix et_animated et_pb_module et_flex_module\" data-form_unique_num=\"0\" data-form_unique_id=\"4a270070-693f-4ee9-9a7f-a11a71e5c857\" id=\"et_pb_contact_form_0\"><div class=\"et-pb-contact-message\"><\/div><div class=\"et_pb_contact\"><form class=\"et_pb_contact_form et_flex_module\" method=\"post\" action=\"https:\/\/www.strandenmeer.nl\/de\/wp-json\/wp\/v2\/pages\/734\"><div class=\"et_pb_contact_field_0 et_pb_contact_field et_pb_module et_flex_module et_flex_column_24_24 et_flex_column_24_24_tablet et_flex_column_24_24_phone\" data-id=\"naam\" data-type=\"input\"><label class=\"et_pb_contact_form_label\" for=\"et_pb_contact_0_naam_0\">Nachricht senden<\/label><input type=\"text\" name=\"et_pb_contact_0_naam_0\" id=\"et_pb_contact_0_naam_0\" class=\"input\" data-required_mark=\"required\" data-field_type=\"input\" data-original_id=\"naam\" placeholder=\"Nachricht senden\" title=\"\" value=\"\" \/><\/div><div class=\"et_pb_contact_field_1 et_pb_contact_field et_pb_module et_flex_module et_flex_column_24_24 et_flex_column_24_24_tablet et_flex_column_24_24_phone\" data-id=\"email\" data-type=\"email\"><label class=\"et_pb_contact_form_label\" for=\"et_pb_contact_0_email_1\">E-Mail-Adresse<\/label><input type=\"text\" name=\"et_pb_contact_0_email_1\" id=\"et_pb_contact_0_email_1\" class=\"input\" data-required_mark=\"required\" data-field_type=\"email\" data-original_id=\"email\" placeholder=\"E-Mail-Adresse\" title=\"\" value=\"\" \/><\/div><div class=\"et_pb_contact_field_2 et_pb_contact_field et_pb_module et_flex_module et_flex_column_24_24 et_flex_column_24_24_tablet et_flex_column_24_24_phone\" data-id=\"telefoon\" data-type=\"input\"><label class=\"et_pb_contact_form_label\" for=\"et_pb_contact_0_telefoon_2\">Telefonnummer<\/label><input type=\"text\" name=\"et_pb_contact_0_telefoon_2\" id=\"et_pb_contact_0_telefoon_2\" class=\"input\" data-required_mark=\"not_required\" data-field_type=\"input\" data-original_id=\"telefoon\" placeholder=\"Telefonnummer\" title=\"\" value=\"\" \/><\/div><div class=\"et_pb_contact_field_3 et_pb_contact_field et_pb_module et_flex_module et_flex_column_24_24 et_flex_column_24_24_tablet et_flex_column_24_24_phone\" data-id=\"bericht\" data-type=\"text\"><label class=\"et_pb_contact_form_label\" for=\"et_pb_contact_0_bericht_3\">Nachricht<\/label><textarea name=\"et_pb_contact_0_bericht_3\" id=\"et_pb_contact_0_bericht_3\" class=\"et_pb_contact_message input\" data-required_mark=\"required\" data-field_type=\"text\" data-original_id=\"bericht\" placeholder=\"Nachricht\"><\/textarea><\/div><input type=\"hidden\" name=\"et_pb_contactform_submit_4a270070-693f-4ee9-9a7f-a11a71e5c857\" value=\"et_contact_proccess\" \/><div class=\"et_contact_bottom_container\"><div class=\"et_pb_contact_right et_pb_contact_field\"><p class=\"clearfix\"><label><span class=\"et_pb_contact_captcha_question\">5 + 12<\/span> = <input type=\"text\" size=\"2\" class=\"input et_pb_contact_captcha\" data-first_digit=\"5\" data-second_digit=\"12\" data-required_mark=\"required\" name=\"et_pb_contact_captcha_4a270070-693f-4ee9-9a7f-a11a71e5c857\" autocomplete=\"off\" \/><\/label><\/p><\/div><div class=\"et_pb_button_wrapper\"><button type=\"submit\" name=\"et_builder_submit_button\" class=\"et_pb_button et_pb_contact_submit\">Nachricht senden<\/button><\/div><\/div><input type=\"hidden\" id=\"_wpnonce-et-pb-contact-form-submitted-4a270070-693f-4ee9-9a7f-a11a71e5c857\" name=\"_wpnonce-et-pb-contact-form-submitted-4a270070-693f-4ee9-9a7f-a11a71e5c857\" value=\"9bf3ae2e1b\" \/><input type=\"hidden\" name=\"_wp_http_referer\" value=\"\/de\/wp-json\/wp\/v2\/pages\/734\" \/><\/form><\/div><\/div><\/div><div class=\"et_pb_column_2 et_pb_column et_pb_column_1_4 et_block_column et_pb_css_mix_blend_mode_passthrough\"><div class=\"et_pb_text_1 et_pb_text et_pb_bg_layout_light et_animated et_pb_module et_block_module hav-split-text-container preset--module--divi-text--69d90efee6935\"><div class=\"et_pb_text_inner\"><h3>Adresse<\/h3>\n<p>Strand &amp; meer<br \/>Seinpoststraat 8<br \/>2225 JE Katwijk<br \/><a href=\"https:\/\/maps.app.goo.gl\/CzpsBQvPzuzXpFG86\" target=\"_blank\" rel=\"noopener\">Anfahrtsbeschreibung<\/a><\/p>\n<\/div><\/div><\/div><div class=\"et_pb_column_3 et_pb_column et_pb_column_1_4 et-last-child et_block_column et_pb_column_empty et_pb_css_mix_blend_mode_passthrough\"><\/div><\/div><\/div><div class=\"et_pb_section_1 et_pb_section et_section_regular et_block_section\"><div class=\"et_pb_row_2 et_pb_row et_block_row\"><div class=\"et_pb_column_4 et_pb_column et_pb_column_4_4 et-last-child et_block_column et_pb_css_mix_blend_mode_passthrough\"><div class=\"et_pb_text_2 et_pb_text et_pb_bg_layout_light et_pb_module et_block_module hav-split-text-container preset--module--divi-text--69d90efee6935\"><div class=\"et_pb_text_inner\"><h2>ANREISE UND PARKEN<\/h2>\n<\/div><\/div><div class=\"et_pb_text_3 et_pb_text et_pb_bg_layout_light et_pb_module et_block_module hav-split-text-container preset--module--divi-text--69d90efee6935\"><div class=\"et_pb_text_inner\"><p>Reisen Sie mit \u00f6ffentlichen Verkehrsmitteln an? W\u00e4hlen Sie dann die Bushaltestelle \u201eVuurbaak\u201c in Katwijk. Diese befindet sich nur wenige Gehminuten entfernt. Ihre Reise mit \u00f6ffentlichen Verkehrsmitteln k\u00f6nnen Sie einfach und schnell \u00fcber <a href=\"https:\/\/9292.nl\" target=\"_blank\" rel=\"noopener\">OV 9292.nl<\/a> planen.  <\/p>\n<p>Reisen Sie mit dem Auto an? Dann k\u00f6nnen Sie bei Ihrer Ankunft vor der T\u00fcr parken, um Ihr Auto auszuladen. Leider k\u00f6nnen wir Ihnen keinen Parkplatz anbieten.  Sie k\u00f6nnen die folgenden \u00f6ffentlichen Parkm\u00f6glichkeiten nutzen:<\/p>\n<\/div><\/div><\/div><\/div><div class=\"et_pb_row_3 et_pb_row et_block_row\"><div class=\"et_pb_column_5 et_pb_column et_pb_column_1_2 et_block_column et_pb_css_mix_blend_mode_passthrough\"><div class=\"et_pb_text_4 et_pb_text et_pb_bg_layout_light et_pb_module et_block_module hav-split-text-container preset--module--divi-text--69d90efee6935\"><div class=\"et_pb_text_inner\"><p><strong>Parkhaus Boulevard zeezijde<\/strong><\/p>\n<ul>\n<li>5 Minuten Fu\u00dfweg<\/li>\n<li>Einfahrh\u00f6he 2,10\u202fm<\/li>\n<li>\u20ac 1,80 pro Stunde, maximal \u20ac 10 pro 24 Stunden<\/li>\n<li>Wochenkarte \u20ac 35,-<\/li>\n<\/ul>\n<ul><\/ul>\n<\/div><\/div><\/div><div class=\"et_pb_column_6 et_pb_column et_pb_column_1_2 et-last-child et_block_column et_pb_css_mix_blend_mode_passthrough\"><div class=\"et_pb_text_5 et_pb_text et_pb_bg_layout_light et_pb_module et_block_module hav-split-text-container preset--module--divi-text--69d90efee6935\"><div class=\"et_pb_text_inner\"><p><strong>Laan van Nieuw Zuid<\/strong><\/p>\n<ul>\n<li>8 Minuten Fu\u00dfweg<\/li>\n<li>Bei dem Fu\u00dfballverein Quick Boys<\/li>\n<li>Kostenloses Parken<\/li>\n<\/ul>\n<p><strong>In der Stra\u00dfe (direkt vor der T\u00fcr)<\/strong><\/p>\n<ul>\n<li>\u20ac 3,- pro Stunde.<\/li>\n<li>7 Tage die Woche von 9:00 bis 21:00 Uhr.<\/li>\n<\/ul>\n<\/div><\/div><\/div><\/div><\/div>","protected":false},"excerpt":{"rendered":"","protected":false},"author":1,"featured_media":0,"parent":0,"menu_order":0,"comment_status":"closed","ping_status":"closed","template":"","meta":{"_acf_changed":false,"footnotes":""},"class_list":["post-734","page","type-page","status-publish","hentry"],"acf":[],"_links":{"self":[{"href":"https:\/\/www.strandenmeer.nl\/de\/wp-json\/wp\/v2\/pages\/734","targetHints":{"allow":["GET"]}}],"collection":[{"href":"https:\/\/www.strandenmeer.nl\/de\/wp-json\/wp\/v2\/pages"}],"about":[{"href":"https:\/\/www.strandenmeer.nl\/de\/wp-json\/wp\/v2\/types\/page"}],"author":[{"embeddable":true,"href":"https:\/\/www.strandenmeer.nl\/de\/wp-json\/wp\/v2\/users\/1"}],"replies":[{"embeddable":true,"href":"https:\/\/www.strandenmeer.nl\/de\/wp-json\/wp\/v2\/comments?post=734"}],"version-history":[{"count":5,"href":"https:\/\/www.strandenmeer.nl\/de\/wp-json\/wp\/v2\/pages\/734\/revisions"}],"predecessor-version":[{"id":989,"href":"https:\/\/www.strandenmeer.nl\/de\/wp-json\/wp\/v2\/pages\/734\/revisions\/989"}],"wp:attachment":[{"href":"https:\/\/www.strandenmeer.nl\/de\/wp-json\/wp\/v2\/media?parent=734"}],"curies":[{"name":"wp","href":"https:\/\/api.w.org\/{rel}","templated":true}]}}