{"id":727,"date":"2025-01-28T11:21:38","date_gmt":"2025-01-28T11:21:38","guid":{"rendered":"https:\/\/www.strandenmeer.nl\/buchen\/"},"modified":"2026-04-10T14:53:59","modified_gmt":"2026-04-10T14:53:59","slug":"buchen","status":"publish","type":"page","link":"https:\/\/www.strandenmeer.nl\/de\/buchen\/","title":{"rendered":"Buchen"},"content":{"rendered":"<div class=\"et_pb_section_0 et_pb_section et_section_regular et_block_section\"><div class=\"et_pb_row_0 et_pb_row et_block_row et_animated\"><div class=\"et_pb_column_0 et_pb_column et_pb_column_4_4 et-last-child et_block_column et_pb_css_mix_blend_mode_passthrough\"><div class=\"et_pb_text_0 et_pb_text et_pb_bg_layout_light et_pb_module et_block_module et_pb_text_align_center preset--module--divi-text--69d90efee6935\"><div class=\"et_pb_text_inner\"><h2>Verf\u00fcgbarkeit &amp; BUCHEN<\/h2>\n<\/div><\/div><\/div><\/div><\/div><div class=\"et_pb_section_1 et_pb_section et_section_regular et_block_section\"><div class=\"et_pb_row_1 et_pb_row et_pb_equal_columns et_pb_gutters2 et_block_row\"><div class=\"et_pb_column_1 et_pb_column et_pb_column_1_2 et_block_column et_pb_css_mix_blend_mode_passthrough et_animated\"><div class=\"et_pb_image_0 et_pb_image et_pb_module et_block_module\"><span class=\"et_pb_image_wrap\"><img loading=\"lazy\" decoding=\"async\" src=\"https:\/\/www.strandenmeer.nl\/wp-content\/uploads\/2024\/12\/zee-en-meer-voor-6.jpg\" width=\"1920\" height=\"1440\" srcset=\"https:\/\/www.strandenmeer.nl\/wp-content\/uploads\/2024\/12\/zee-en-meer-voor-6.jpg 1920w, https:\/\/www.strandenmeer.nl\/wp-content\/uploads\/2024\/12\/zee-en-meer-voor-6-1280x960.jpg 1280w, https:\/\/www.strandenmeer.nl\/wp-content\/uploads\/2024\/12\/zee-en-meer-voor-6-980x735.jpg 980w, https:\/\/www.strandenmeer.nl\/wp-content\/uploads\/2024\/12\/zee-en-meer-voor-6-480x360.jpg 480w\" sizes=\"(min-width: 0px) and (max-width: 480px) 480px, (min-width: 481px) and (max-width: 980px) 980px, (min-width: 981px) and (max-width: 1280px) 1280px, (min-width: 1281px) 1920px, 100vw\" class=\"wp-image-63\" title=\"Meer-und-mehr-f\u00fcr-6\" \/><\/span><\/div><div class=\"et_pb_text_1 et_pb_text et_pb_bg_layout_light et_pb_module et_block_module hav-split-text-container preset--module--divi-text--69d90efee6935\"><div class=\"et_pb_text_inner\"><h4>Ferienwohnung Zee<\/h4>\n<\/div><\/div><div class=\"et_pb_text_2 et_pb_text et_pb_bg_layout_light et_pb_module et_block_module hav-split-text-container preset--module--divi-text--69d90efee6935\"><div class=\"et_pb_text_inner\"><p><span> <div id=\"form_id1342995163524\" class=\"wpbc_container wpbc_form wpbc_container_booking_form \" ><form id=\"booking_form3\" class=\"booking_form vertical\" method=\"post\" action=\"\"><div id=\"ajax_respond_insert3\" class=\"ajax_respond_insert\" style=\"display:none;\"><\/div><a name=\"bklnk3\" id=\"bklnk3\"><\/a><div id=\"booking_form_div3\" class=\"booking_form_div\"><div class=\"wpbc_bfb_form wpbc_wizard__border_container\" style=\"--wpbc-bfb-booking_form_layout_width:100%;\">\n\t<div class=\"wpbc_wizard_step wpbc__form__div wpbc_wizard_step1\">\n\t\t<div class=\"wpbc__row\">\n\t\t\t<div style=\"flex-basis: 100%\" class=\"wpbc__field\">\n\t\t\t\t<div class=\"bfb_element\">\n\t\t\t\t\t<label>Kalender<\/label>\n\t\t\t\t\t<br><div class=\"wpbc_calendar_wraper\"><div class=\"wpbc_cal_container bk_calendar_frame wpbc_no_custom_width  months_num_in_row_ cal_month_num_2\" style=\"\"><div id=\"calendar_booking3\"  class=\"wpbc_calendar_id_3\" >\t<div class=\"calendar_loader_frame calendar_loader_frame3\"\r\n\t\tdata-wpbc-rid=\"3\"\r\n\t\tdata-wpbc-grace=\"8000\"\r\n\t\tstyle=\"--wpbc-loader-cols: 2;\"\r\n\t>\r\n\t\t<div class=\"calendar_loader_text\">Wird geladen...<\/div>\r\n\t\t<div class=\"calendar_loader_frame__progress_line_container\">\r\n\t\t\t<div class=\"calendar_loader_frame__progress_line\"><\/div>\r\n\t\t<\/div>\r\n\t<\/div>\r\n\t<\/div><\/div><textarea id=\"date_booking3\" name=\"date_booking3\" autocomplete=\"off\" style=\"display:none;\"><\/textarea><div class=\"block_hints datepick \"><div class=\"wpdev_hint_with_text\"><div class=\"\"><div class=\"datepick-inline wpbc_calendar_legend_table_width_height\"><table class=\"datepick wpbc_calendar\" style=\"\"><tbody><tr><td class=\"datepick-days-cell date_available wpbc_calendar_legend_day_cell_height\"><div class=\"wpbc-cell-box\">\t<div class=\"date-cell-content\">\t\t<div class=\"date-content-top\"><\/div>\t\t<a>17<\/a>\t\t<div class=\"date-content-bottom\"><\/div>\t<\/div><\/div><\/td><\/tr><\/tbody><\/table><\/div><\/div><div class=\"block_text\">- <\/div><div class=\"block_text\">Verf\u00fcgbar<\/div><\/div><div class=\"wpdev_hint_with_text\"><div class=\"\"><div class=\"datepick-inline wpbc_calendar_legend_table_width_height\"><table class=\"datepick wpbc_calendar\" style=\"\"><tbody><tr><td class=\"datepick-days-cell datepick-unselectable date_user_unavailable full_day_booking date_approved wpbc_calendar_legend_day_cell_height\"><div class=\"wpbc-cell-box\">\t<div class=\"date-cell-content\">\t\t<div class=\"date-content-top\"><\/div>\t\t<span>17<\/span>\t\t<div class=\"date-content-bottom\"><\/div>\t<\/div><\/div><\/td><\/tr><\/tbody><\/table><\/div><\/div><div class=\"block_text\">- <\/div><div class=\"block_text\">Gebucht<\/div><\/div><div class=\"wpdev_hint_with_text\"><div class=\"\"><div class=\"datepick-inline wpbc_calendar_legend_table_width_height\"><table class=\"datepick wpbc_calendar\" style=\"\"><tbody><tr><td class=\"datepick-days-cell datepick-unselectable date_user_unavailable full_day_booking date2approve wpbc_calendar_legend_day_cell_height\"><div class=\"wpbc-cell-box\">\t<div class=\"date-cell-content\">\t\t<div class=\"date-content-top\"><\/div>\t\t<span>17<\/span>\t\t<div class=\"date-content-bottom\"><\/div>\t<\/div><\/div><\/td><\/tr><\/tbody><\/table><\/div><\/div><div class=\"block_text\">- <\/div><div class=\"block_text\">Option<\/div><\/div><div class=\"wpdev_hint_with_text\"><div class=\"\"><div class=\"datepick-inline wpbc_calendar_legend_table_width_height\"><table class=\"datepick wpbc_calendar\" style=\"\"><tbody><tr><td class=\"datepick-days-cell datepick-unselectable date_user_unavailable wpbc_calendar_legend_day_cell_height\"><div class=\"wpbc-cell-box\">\t<div class=\"date-cell-content\">\t\t<div class=\"date-content-top\"><\/div>\t\t<span>17<\/span>\t\t<div class=\"date-content-bottom\"><\/div>\t<\/div><\/div><\/td><\/tr><\/tbody><\/table><\/div><\/div><div class=\"block_text\">- <\/div><div class=\"block_text\">Nicht verf\u00fcgbar<\/div><\/div><\/div><\/div>\n\t\t\t\t<\/div>\n\t\t\t\t<div class=\"bfb_element\">\n\t\t\t\t\t<div style=\"display:none\"><span class=\"wpbc_wrap_checkbox wpdev-form-control-wrap boekingskosten3\"><span autocomplete=\"boekingskosten\" class=\"wpdev-checkbox\"><span class=\"wpdev-list-item\"><input  autocomplete=\"boekingskosten\" class=\"wpdev-checkbox\" onchange=\"javascript:if(typeof( wpbc_show_cost_hints_after_few_seconds )=='function'){wpbc_show_cost_hints_after_few_seconds(3);}\"  type=\"checkbox\"  name=\"boekingskosten3[]\"  value=\"\" checked=\"checked\" \/><span class=\"wpdev-list-item-label\"><\/span><\/span><\/span><\/span><\/div>\n\t\t\t\t<\/div>\n\t\t\t<\/div>\n\t\t\t<div class=\"wpbc__field\">\n\t\t\t\t<div class=\"price-lines\"> \n\t\t\t\t\t<p>Anzahl der Tage: <span style=\"margin-left: 1em\"><span  class=\"wpbc_field_hint\" id=\"days_number_hint_tip3\">...<\/span><input class=\"wpbc_field_hint\" id=\"days_number_hint3\" name=\"days_number_hint3\" value=\"...\" style=\"display:none;\" type=\"text\" \/><\/span><\/p> \n\t\t\t\t\t<p>Buchungskosten: <span style=\"margin-left: 1em\"><span  class=\"wpbc_field_hint\" id=\"bookinghint_boekingskosten_hint3\"><span class=\"wpbc-cost-amount wpbc_price_hint_value_0\"><span class=\"wpbc-currency-symbol\">&euro;<\/span>0.00<\/span><\/span><input class=\"wpbc_field_hint\" id=\"boekingskosten_hint3\" name=\"boekingskosten_hint3\" value=\"0.00\" style=\"display:none;\" type=\"text\" \/><\/span><\/p> \n\t\t\t\t\t<p><strong>Gesamtkosten:<\/strong> <span style=\"margin-left: 1em\"><span  class=\"wpbc_field_hint\" id=\"booking_hint3\"><span class=\"wpbc-cost-amount wpbc_price_hint_value_0\"><span class=\"wpbc-currency-symbol\">&euro;<\/span>0.00<\/span><\/span><input class=\"wpbc_field_hint\" id=\"cost_hint3\" name=\"cost_hint3\" value=\"0.00\" style=\"display:none;\" type=\"text\" \/><\/span><\/p> \n\t\t\t\t<\/div> \n\t\t\t<\/div>\n\t\t<\/div>\n\n\t\t<div class=\"wpbc__row\"><div style=\"flex-basis: 100%\" class=\"wpbc__field\"><div class=\"bfb_element\"><label>Vorname*<\/label><br><span class=\"wpbc_wrap_text wpdev-form-control-wrap name3\"><input type=\"text\" name=\"name3\" value=\"\" autocomplete=\"name\" class=\"wpdev-validates-as-required\" size=\"40\" \/><\/span><\/div><\/div><\/div>\n\t\t<div class=\"wpbc__row\"><div style=\"flex-basis: 100%\" class=\"wpbc__field\"><div class=\"bfb_element\"><label>Nachname*<\/label><br><span class=\"wpbc_wrap_text wpdev-form-control-wrap secondname3\"><input type=\"text\" name=\"secondname3\" value=\"\" autocomplete=\"secondname\" class=\"wpdev-validates-as-required\" size=\"40\" \/><\/span><\/div><\/div><\/div>\n\t\t<div class=\"wpbc__row\"><div style=\"flex-basis: 100%\" class=\"wpbc__field\"><div class=\"bfb_element\"><label>Email*<\/label><br><span class=\"wpbc_wrap_text wpdev-form-control-wrap email3\"><input type=\"email\" name=\"email3\" value=\"\" autocomplete=\"email\" class=\"wpdev-validates-as-email wpdev-validates-as-required\" size=\"40\" \/><\/span><\/div><\/div><\/div>\n\t\t<div class=\"wpbc__row\"><div style=\"flex-basis: 100%\" class=\"wpbc__field\"><div class=\"bfb_element\"><label>Telefon<\/label><br><span class=\"wpbc_wrap_text wpdev-form-control-wrap phone3\"><input type=\"text\" name=\"phone3\" value=\"\" autocomplete=\"phone\" size=\"40\" \/><\/span><\/div><\/div><\/div>\n\t\t<div class=\"wpbc__row\"><div style=\"flex-basis: 100%\" class=\"wpbc__field\"><div class=\"bfb_element\"><label>Nachricht<\/label><br><span class=\"wpbc_wrap_textarea wpdev-form-control-wrap details3\"><textarea name=\"details3\" autocomplete=\"details\"><\/textarea><\/span><\/div><\/div><\/div>\n\t\t<div class=\"wpbc__row\"><div style=\"flex-basis: 100%\" class=\"wpbc__field\"><div class=\"bfb_element\"><label>Captcha<\/label><br><span class=\"wpbc_text_captcha_container wpdev-form-control-wrap \"><input  autocomplete=\"off\" type=\"hidden\" name=\"wpdev_captcha_challenge_3\"  id=\"wpdev_captcha_challenge_3\" value=\"896222534\" \/><input  autocomplete=\"off\" type=\"text\" class=\"captachinput\" value=\"\" name=\"captcha_input3\" id=\"captcha_input3\" \/><img decoding=\"async\" class=\"captcha_img\"  id=\"captcha_img3\" alt=\"To show CAPTCHA, please deactivate cache plugin or exclude this page from caching or disable CAPTCHA at WP Booking Calendar - Settings General page in Form Options section.\" src=\"https:\/\/www.strandenmeer.nl\/wp-content\/plugins\/booking\/js\/captcha\/tmp\/896222534.png\" \/><\/span><\/div><\/div><\/div>\n\n\t\t<div class=\"wpbc__row\">\n\t\t\t<div style=\"flex-basis: 100%\" class=\"wpbc__field\">\n\t\t\t\t<div class=\"bfb_element\">\n\t\t\t\t\t<span class=\"wpbc_bfb__btn wpbc_bfb__btn--primary\" style=\"flex:1\"><input type=\"button\" value=\"Senden\" class=\"wpbc_button_light\" onclick=\"wpbc_booking_form_submit(this.form,3, 'de_DE');\" \/><\/span>\n\t\t\t\t<\/div>\n\t\t\t<\/div>\n\t\t<\/div>\n\t<\/div>\n<\/div><input name=\"starttime3\" id=\"starttime3\" type=\"text\" value=\"15:00\" style=\"display:none;\"><input name=\"endtime3\" id=\"endtime3\" type=\"text\" value=\"11:00\" style=\"display:none;\"><input id=\"bk_type3\" name=\"bk_type3\" class=\"\" type=\"hidden\" value=\"3\" \/><\/div><div id=\"submiting3\"><\/div><div class=\"form_bk_messages\" id=\"form_bk_messages3\" ><\/div><input type=\"hidden\" id=\"wpbc_nonceCALCULATE_THE_COST3\" name=\"wpbc_nonceCALCULATE_THE_COST3\" value=\"d3f2a651c9\" \/><input type=\"hidden\" name=\"_wp_http_referer\" value=\"\/de\/wp-json\/wp\/v2\/pages\/727\" \/><\/form><\/div><div id=\"booking_form_garbage3\" class=\"booking_form_garbage\"><\/div> <\/span><\/p>\n<\/div><\/div><div class=\"et_pb_text_3 et_pb_text et_pb_bg_layout_light et_pb_module et_block_module hav-split-text-container preset--module--divi-text--69d90efee6935\"><div class=\"et_pb_text_inner\"><ul>\n<ul>\n<li>\u20ac 140,- pro Nacht<\/li>\n<li>Mindestaufenthalt: 4 N\u00e4chte<\/li>\n<li>Im Juli &amp; August: Mindestaufenthalt 7 N\u00e4chte<\/li>\n<li>Kostenlose Stornierung bis 6 Wochen vor Anreise<\/li>\n<li>Anreise m\u00f6glich: Freitag, Samstag oder Montag<\/li>\n<li>Inklusive: Kurtaxe, Reservierungskosten, Bettw\u00e4sche, Handt\u00fccher &amp; K\u00fcchent\u00fccher<\/li>\n<li>Zus\u00e4tzliche Kosten: Endreinigung \u20ac 50,-<\/li>\n<li>Check-in: zwischen 15:00 und 18:00 Uhr<\/li>\n<li>Check-out: bis 11:00 Uhr<\/li>\n<li>Haustiere: nicht erlaubt<\/li>\n<li>Rauchen: nicht erlaubt<\/li>\n<\/ul>\n<\/ul>\n<\/div><\/div><\/div><div class=\"et_pb_column_2 et_pb_column et_pb_column_1_2 et-last-child et_block_column et_pb_css_mix_blend_mode_passthrough et_animated\"><div class=\"et_pb_image_1 et_pb_image et_pb_module et_block_module\"><span class=\"et_pb_image_wrap\"><img loading=\"lazy\" decoding=\"async\" src=\"https:\/\/www.strandenmeer.nl\/wp-content\/uploads\/2024\/12\/zee-en-meer-achter-3.jpg\" width=\"1920\" height=\"1440\" srcset=\"https:\/\/www.strandenmeer.nl\/wp-content\/uploads\/2024\/12\/zee-en-meer-achter-3.jpg 1920w, https:\/\/www.strandenmeer.nl\/wp-content\/uploads\/2024\/12\/zee-en-meer-achter-3-1280x960.jpg 1280w, https:\/\/www.strandenmeer.nl\/wp-content\/uploads\/2024\/12\/zee-en-meer-achter-3-980x735.jpg 980w, https:\/\/www.strandenmeer.nl\/wp-content\/uploads\/2024\/12\/zee-en-meer-achter-3-480x360.jpg 480w\" sizes=\"(min-width: 0px) and (max-width: 480px) 480px, (min-width: 481px) and (max-width: 980px) 980px, (min-width: 981px) and (max-width: 1280px) 1280px, (min-width: 1281px) 1920px, 100vw\" class=\"wp-image-47\" title=\"meer-und-mehr-hinten-3\" \/><\/span><\/div><div class=\"et_pb_text_4 et_pb_text et_pb_bg_layout_light et_pb_module et_block_module hav-split-text-container preset--module--divi-text--69d90efee6935\"><div class=\"et_pb_text_inner\"><h4>Ferienwohnung Strand<\/h4>\n<\/div><\/div><div class=\"et_pb_text_5 et_pb_text et_pb_bg_layout_light et_pb_module et_block_module hav-split-text-container preset--module--divi-text--69d90efee6935\"><div class=\"et_pb_text_inner\"><p><span> <div id=\"form_id1573933485294\" class=\"wpbc_container wpbc_form wpbc_container_booking_form \" ><form id=\"booking_form2\" class=\"booking_form vertical\" method=\"post\" action=\"\"><div id=\"ajax_respond_insert2\" class=\"ajax_respond_insert\" style=\"display:none;\"><\/div><a name=\"bklnk2\" id=\"bklnk2\"><\/a><div id=\"booking_form_div2\" class=\"booking_form_div\"><div class=\"wpbc_bfb_form wpbc_wizard__border_container\" style=\"--wpbc-bfb-booking_form_layout_width:100%;\">\n\t<div class=\"wpbc_wizard_step wpbc__form__div wpbc_wizard_step1\">\n\t\t<div class=\"wpbc__row\">\n\t\t\t<div style=\"flex-basis: 100%\" class=\"wpbc__field\">\n\t\t\t\t<div class=\"bfb_element\">\n\t\t\t\t\t<label>Kalender<\/label>\n\t\t\t\t\t<br><div class=\"wpbc_calendar_wraper\"><div class=\"wpbc_cal_container bk_calendar_frame wpbc_no_custom_width  months_num_in_row_ cal_month_num_2\" style=\"\"><div id=\"calendar_booking2\"  class=\"wpbc_calendar_id_2\" >\t<div class=\"calendar_loader_frame calendar_loader_frame2\"\r\n\t\tdata-wpbc-rid=\"2\"\r\n\t\tdata-wpbc-grace=\"8000\"\r\n\t\tstyle=\"--wpbc-loader-cols: 2;\"\r\n\t>\r\n\t\t<div class=\"calendar_loader_text\">Wird geladen...<\/div>\r\n\t\t<div class=\"calendar_loader_frame__progress_line_container\">\r\n\t\t\t<div class=\"calendar_loader_frame__progress_line\"><\/div>\r\n\t\t<\/div>\r\n\t<\/div>\r\n\t<\/div><\/div><textarea id=\"date_booking2\" name=\"date_booking2\" autocomplete=\"off\" style=\"display:none;\"><\/textarea><div class=\"block_hints datepick \"><div class=\"wpdev_hint_with_text\"><div class=\"\"><div class=\"datepick-inline wpbc_calendar_legend_table_width_height\"><table class=\"datepick wpbc_calendar\" style=\"\"><tbody><tr><td class=\"datepick-days-cell date_available wpbc_calendar_legend_day_cell_height\"><div class=\"wpbc-cell-box\">\t<div class=\"date-cell-content\">\t\t<div class=\"date-content-top\"><\/div>\t\t<a>17<\/a>\t\t<div class=\"date-content-bottom\"><\/div>\t<\/div><\/div><\/td><\/tr><\/tbody><\/table><\/div><\/div><div class=\"block_text\">- <\/div><div class=\"block_text\">Verf\u00fcgbar<\/div><\/div><div class=\"wpdev_hint_with_text\"><div class=\"\"><div class=\"datepick-inline wpbc_calendar_legend_table_width_height\"><table class=\"datepick wpbc_calendar\" style=\"\"><tbody><tr><td class=\"datepick-days-cell datepick-unselectable date_user_unavailable full_day_booking date_approved wpbc_calendar_legend_day_cell_height\"><div class=\"wpbc-cell-box\">\t<div class=\"date-cell-content\">\t\t<div class=\"date-content-top\"><\/div>\t\t<span>17<\/span>\t\t<div class=\"date-content-bottom\"><\/div>\t<\/div><\/div><\/td><\/tr><\/tbody><\/table><\/div><\/div><div class=\"block_text\">- <\/div><div class=\"block_text\">Gebucht<\/div><\/div><div class=\"wpdev_hint_with_text\"><div class=\"\"><div class=\"datepick-inline wpbc_calendar_legend_table_width_height\"><table class=\"datepick wpbc_calendar\" style=\"\"><tbody><tr><td class=\"datepick-days-cell datepick-unselectable date_user_unavailable full_day_booking date2approve wpbc_calendar_legend_day_cell_height\"><div class=\"wpbc-cell-box\">\t<div class=\"date-cell-content\">\t\t<div class=\"date-content-top\"><\/div>\t\t<span>17<\/span>\t\t<div class=\"date-content-bottom\"><\/div>\t<\/div><\/div><\/td><\/tr><\/tbody><\/table><\/div><\/div><div class=\"block_text\">- <\/div><div class=\"block_text\">Option<\/div><\/div><div class=\"wpdev_hint_with_text\"><div class=\"\"><div class=\"datepick-inline wpbc_calendar_legend_table_width_height\"><table class=\"datepick wpbc_calendar\" style=\"\"><tbody><tr><td class=\"datepick-days-cell datepick-unselectable date_user_unavailable wpbc_calendar_legend_day_cell_height\"><div class=\"wpbc-cell-box\">\t<div class=\"date-cell-content\">\t\t<div class=\"date-content-top\"><\/div>\t\t<span>17<\/span>\t\t<div class=\"date-content-bottom\"><\/div>\t<\/div><\/div><\/td><\/tr><\/tbody><\/table><\/div><\/div><div class=\"block_text\">- <\/div><div class=\"block_text\">Nicht verf\u00fcgbar<\/div><\/div><\/div><\/div>\n\t\t\t\t<\/div>\n\t\t\t\t<div class=\"bfb_element\">\n\t\t\t\t\t<div style=\"display:none\"><span class=\"wpbc_wrap_checkbox wpdev-form-control-wrap boekingskosten2\"><span autocomplete=\"boekingskosten\" class=\"wpdev-checkbox\"><span class=\"wpdev-list-item\"><input  autocomplete=\"boekingskosten\" class=\"wpdev-checkbox\" onchange=\"javascript:if(typeof( wpbc_show_cost_hints_after_few_seconds )=='function'){wpbc_show_cost_hints_after_few_seconds(2);}\"  type=\"checkbox\"  name=\"boekingskosten2[]\"  value=\"\" checked=\"checked\" \/><span class=\"wpdev-list-item-label\"><\/span><\/span><\/span><\/span><\/div>\n\t\t\t\t<\/div>\n\t\t\t<\/div>\n\t\t\t<div class=\"wpbc__field\">\n\t\t\t\t<div class=\"price-lines\"> \n\t\t\t\t\t<p>Anzahl der Tage: <span style=\"margin-left: 1em\"><span  class=\"wpbc_field_hint\" id=\"days_number_hint_tip2\">...<\/span><input class=\"wpbc_field_hint\" id=\"days_number_hint2\" name=\"days_number_hint2\" value=\"...\" style=\"display:none;\" type=\"text\" \/><\/span><\/p> \n\t\t\t\t\t<p>Buchungskosten: <span style=\"margin-left: 1em\"><span  class=\"wpbc_field_hint\" id=\"bookinghint_boekingskosten_hint2\"><span class=\"wpbc-cost-amount wpbc_price_hint_value_0\"><span class=\"wpbc-currency-symbol\">&euro;<\/span>0.00<\/span><\/span><input class=\"wpbc_field_hint\" id=\"boekingskosten_hint2\" name=\"boekingskosten_hint2\" value=\"0.00\" style=\"display:none;\" type=\"text\" \/><\/span><\/p> \n\t\t\t\t\t<p><strong>Gesamtkosten:<\/strong> <span style=\"margin-left: 1em\"><span  class=\"wpbc_field_hint\" id=\"booking_hint2\"><span class=\"wpbc-cost-amount wpbc_price_hint_value_0\"><span class=\"wpbc-currency-symbol\">&euro;<\/span>0.00<\/span><\/span><input class=\"wpbc_field_hint\" id=\"cost_hint2\" name=\"cost_hint2\" value=\"0.00\" style=\"display:none;\" type=\"text\" \/><\/span><\/p> \n\t\t\t\t<\/div> \n\t\t\t<\/div>\n\t\t<\/div>\n\n\t\t<div class=\"wpbc__row\"><div style=\"flex-basis: 100%\" class=\"wpbc__field\"><div class=\"bfb_element\"><label>Vorname*<\/label><br><span class=\"wpbc_wrap_text wpdev-form-control-wrap name2\"><input type=\"text\" name=\"name2\" value=\"\" autocomplete=\"name\" class=\"wpdev-validates-as-required\" size=\"40\" \/><\/span><\/div><\/div><\/div>\n\t\t<div class=\"wpbc__row\"><div style=\"flex-basis: 100%\" class=\"wpbc__field\"><div class=\"bfb_element\"><label>Nachname*<\/label><br><span class=\"wpbc_wrap_text wpdev-form-control-wrap secondname2\"><input type=\"text\" name=\"secondname2\" value=\"\" autocomplete=\"secondname\" class=\"wpdev-validates-as-required\" size=\"40\" \/><\/span><\/div><\/div><\/div>\n\t\t<div class=\"wpbc__row\"><div style=\"flex-basis: 100%\" class=\"wpbc__field\"><div class=\"bfb_element\"><label>Email*<\/label><br><span class=\"wpbc_wrap_text wpdev-form-control-wrap email2\"><input type=\"email\" name=\"email2\" value=\"\" autocomplete=\"email\" class=\"wpdev-validates-as-email wpdev-validates-as-required\" size=\"40\" \/><\/span><\/div><\/div><\/div>\n\t\t<div class=\"wpbc__row\"><div style=\"flex-basis: 100%\" class=\"wpbc__field\"><div class=\"bfb_element\"><label>Telefon<\/label><br><span class=\"wpbc_wrap_text wpdev-form-control-wrap phone2\"><input type=\"text\" name=\"phone2\" value=\"\" autocomplete=\"phone\" size=\"40\" \/><\/span><\/div><\/div><\/div>\n\t\t<div class=\"wpbc__row\"><div style=\"flex-basis: 100%\" class=\"wpbc__field\"><div class=\"bfb_element\"><label>Nachricht<\/label><br><span class=\"wpbc_wrap_textarea wpdev-form-control-wrap details2\"><textarea name=\"details2\" autocomplete=\"details\"><\/textarea><\/span><\/div><\/div><\/div>\n\t\t<div class=\"wpbc__row\"><div style=\"flex-basis: 100%\" class=\"wpbc__field\"><div class=\"bfb_element\"><label>Captcha<\/label><br><span class=\"wpbc_text_captcha_container wpdev-form-control-wrap \"><input  autocomplete=\"off\" type=\"hidden\" name=\"wpdev_captcha_challenge_2\"  id=\"wpdev_captcha_challenge_2\" value=\"113600557\" \/><input  autocomplete=\"off\" type=\"text\" class=\"captachinput\" value=\"\" name=\"captcha_input2\" id=\"captcha_input2\" \/><img decoding=\"async\" class=\"captcha_img\"  id=\"captcha_img2\" alt=\"To show CAPTCHA, please deactivate cache plugin or exclude this page from caching or disable CAPTCHA at WP Booking Calendar - Settings General page in Form Options section.\" src=\"https:\/\/www.strandenmeer.nl\/wp-content\/plugins\/booking\/js\/captcha\/tmp\/113600557.png\" \/><\/span><\/div><\/div><\/div>\n\n\t\t<div class=\"wpbc__row\">\n\t\t\t<div style=\"flex-basis: 100%\" class=\"wpbc__field\">\n\t\t\t\t<div class=\"bfb_element\">\n\t\t\t\t\t<span class=\"wpbc_bfb__btn wpbc_bfb__btn--primary\" style=\"flex:1\"><input type=\"button\" value=\"Senden\" class=\"wpbc_button_light\" onclick=\"wpbc_booking_form_submit(this.form,2, 'de_DE');\" \/><\/span>\n\t\t\t\t<\/div>\n\t\t\t<\/div>\n\t\t<\/div>\n\t<\/div>\n<\/div><input name=\"starttime2\" id=\"starttime2\" type=\"text\" value=\"15:00\" style=\"display:none;\"><input name=\"endtime2\" id=\"endtime2\" type=\"text\" value=\"11:00\" style=\"display:none;\"><input id=\"bk_type2\" name=\"bk_type2\" class=\"\" type=\"hidden\" value=\"2\" \/><\/div><div id=\"submiting2\"><\/div><div class=\"form_bk_messages\" id=\"form_bk_messages2\" ><\/div><input type=\"hidden\" id=\"wpbc_nonceCALCULATE_THE_COST2\" name=\"wpbc_nonceCALCULATE_THE_COST2\" value=\"d3f2a651c9\" \/><input type=\"hidden\" name=\"_wp_http_referer\" value=\"\/de\/wp-json\/wp\/v2\/pages\/727\" \/><\/form><\/div><div id=\"booking_form_garbage2\" class=\"booking_form_garbage\"><\/div> <\/span><\/p>\n<\/div><\/div><div class=\"et_pb_text_6 et_pb_text et_pb_bg_layout_light et_pb_module et_block_module hav-split-text-container preset--module--divi-text--69d90efee6935\"><div class=\"et_pb_text_inner\"><ul>\n<ul>\n<li>\u20ac 140,- pro Nacht<\/li>\n<li>Mindestaufenthalt: 4 N\u00e4chte<\/li>\n<li>Im Juli &amp; August: Mindestaufenthalt 7 N\u00e4chte<\/li>\n<li>Kostenlose Stornierung bis 6 Wochen vor Anreise<\/li>\n<li>Anreise m\u00f6glich: Freitag, Samstag oder Montag<\/li>\n<li>Inklusive: Kurtaxe, Reservierungskosten, Bettw\u00e4sche, Handt\u00fccher &amp; K\u00fcchent\u00fccher<\/li>\n<li>Zus\u00e4tzliche Kosten: Endreinigung \u20ac 50,-<\/li>\n<li>Check-in: zwischen 15:00 und 18:00 Uhr<\/li>\n<li>Check-out: bis 11:00 Uhr<\/li>\n<li>Haustiere: nicht erlaubt<\/li>\n<li>Rauchen: nicht erlaubt<\/li>\n<\/ul>\n<\/ul>\n<\/div><\/div><\/div><\/div><\/div>","protected":false},"excerpt":{"rendered":"","protected":false},"author":1,"featured_media":0,"parent":0,"menu_order":0,"comment_status":"closed","ping_status":"closed","template":"","meta":{"_acf_changed":false,"footnotes":""},"class_list":["post-727","page","type-page","status-publish","hentry"],"acf":[],"_links":{"self":[{"href":"https:\/\/www.strandenmeer.nl\/de\/wp-json\/wp\/v2\/pages\/727","targetHints":{"allow":["GET"]}}],"collection":[{"href":"https:\/\/www.strandenmeer.nl\/de\/wp-json\/wp\/v2\/pages"}],"about":[{"href":"https:\/\/www.strandenmeer.nl\/de\/wp-json\/wp\/v2\/types\/page"}],"author":[{"embeddable":true,"href":"https:\/\/www.strandenmeer.nl\/de\/wp-json\/wp\/v2\/users\/1"}],"replies":[{"embeddable":true,"href":"https:\/\/www.strandenmeer.nl\/de\/wp-json\/wp\/v2\/comments?post=727"}],"version-history":[{"count":10,"href":"https:\/\/www.strandenmeer.nl\/de\/wp-json\/wp\/v2\/pages\/727\/revisions"}],"predecessor-version":[{"id":992,"href":"https:\/\/www.strandenmeer.nl\/de\/wp-json\/wp\/v2\/pages\/727\/revisions\/992"}],"wp:attachment":[{"href":"https:\/\/www.strandenmeer.nl\/de\/wp-json\/wp\/v2\/media?parent=727"}],"curies":[{"name":"wp","href":"https:\/\/api.w.org\/{rel}","templated":true}]}}