{"id":707,"date":"2025-01-06T19:22:11","date_gmt":"2025-01-06T19:22:11","guid":{"rendered":"https:\/\/www.strandenmeer.nl\/?page_id=707"},"modified":"2026-04-10T14:51:12","modified_gmt":"2026-04-10T14:51:12","slug":"katwijk-und-umgebung","status":"publish","type":"page","link":"https:\/\/www.strandenmeer.nl\/de\/katwijk-und-umgebung\/","title":{"rendered":"Katwijk und Umgebung"},"content":{"rendered":"\n<div class=\"et_pb_section_0 et_pb_section et_section_regular et_block_section\"><div class=\"et_pb_row_0 et_pb_row et_block_row\"><div class=\"et_pb_column_0 et_pb_column et_pb_column_4_4 et-last-child et_block_column et_pb_css_mix_blend_mode_passthrough\"><div class=\"et_pb_text_0 et_pb_text et_pb_bg_layout_dark et_animated et_pb_module et_block_module hav-split-text-container preset--module--divi-text--69d90e4b7c3cc\"><div class=\"et_pb_text_inner\"><h1> Katwijk und Umgebung <\/h1>\n<\/div><\/div><div class=\"et_pb_module et_pb_button_module_wrapper et_pb_button_0_wrapper\"><a class=\"et_pb_button_0 et_pb_button et_pb_bg_layout_light et_pb_module et_block_module\" href=\"https:\/\/www.strandenmeer.nl\/reserveren\/\">Verf\u00fcgbarkeit pr\u00fcfen<\/a><\/div><\/div><\/div><\/div><div class=\"et_pb_section_1 et_pb_section et_section_regular et_block_section\"><div class=\"et_pb_row_1 et_pb_row et_pb_equal_columns et_block_row\"><div class=\"et_pb_column_1 et_pb_column et_pb_column_1_2 et_block_column et_pb_css_mix_blend_mode_passthrough\"><div class=\"et_pb_text_1 et_pb_text et_pb_bg_layout_light et_animated et_pb_module et_block_module hav-split-text-container preset--module--divi-text--69d90e4b7c3cc\"><div class=\"et_pb_text_inner\"><p>Unsere Ferienwohnungen liegen ideal: Nur 100\u202fm vom Strand entfernt und umgeben von beeindruckender Natur. Die Nordseek\u00fcste bei Katwijk ist bekannt f\u00fcr ihre weitl\u00e4ufigen D\u00fcnen, frische Seeluft und ruhige Sandstr\u00e4nde \u2013 ideal zum Spazieren, Radfahren und Abschalten. Katwijk aan Zee bietet ein gem\u00fctliches Zentrum mit attraktiven Gesch\u00e4ften und vielf\u00e4ltiger Gastronomie. Ob Sie Natur, Kultur oder beides suchen \u2013 bei uns finden Sie die perfekte Mischung f\u00fcr einen erholsamen und abwechslungsreichen Urlaub an der niederl\u00e4ndischen K\u00fcste.<\/p>\n<\/div><\/div><div class=\"et_pb_image_0 et_pb_image et_animated et_pb_module et_block_module\"><span class=\"et_pb_image_wrap\"><img loading=\"lazy\" decoding=\"async\" src=\"https:\/\/www.strandenmeer.nl\/wp-content\/uploads\/2024\/12\/zee-en-meer-omgeving-1.jpg\" width=\"1920\" height=\"1440\" srcset=\"https:\/\/www.strandenmeer.nl\/wp-content\/uploads\/2024\/12\/zee-en-meer-omgeving-1.jpg 1920w, https:\/\/www.strandenmeer.nl\/wp-content\/uploads\/2024\/12\/zee-en-meer-omgeving-1-1280x960.jpg 1280w, https:\/\/www.strandenmeer.nl\/wp-content\/uploads\/2024\/12\/zee-en-meer-omgeving-1-980x735.jpg 980w, https:\/\/www.strandenmeer.nl\/wp-content\/uploads\/2024\/12\/zee-en-meer-omgeving-1-480x360.jpg 480w\" sizes=\"(min-width: 0px) and (max-width: 480px) 480px, (min-width: 481px) and (max-width: 980px) 980px, (min-width: 981px) and (max-width: 1280px) 1280px, (min-width: 1281px) 1920px, 100vw\" class=\"wp-image-67\" title=\"zee-en-meer-omgeving-1\" \/><\/span><\/div><\/div><div class=\"et_pb_column_2 et_pb_column et_pb_column_1_2 et-last-child et_block_column et_pb_css_mix_blend_mode_passthrough\"><div class=\"et_pb_image_1 et_pb_image et_animated et_pb_module et_block_module\"><span class=\"et_pb_image_wrap\"><img loading=\"lazy\" decoding=\"async\" src=\"https:\/\/www.strandenmeer.nl\/wp-content\/uploads\/2024\/12\/zee-en-meer-omgeving-5.jpg\" width=\"1920\" height=\"1440\" srcset=\"https:\/\/www.strandenmeer.nl\/wp-content\/uploads\/2024\/12\/zee-en-meer-omgeving-5.jpg 1920w, https:\/\/www.strandenmeer.nl\/wp-content\/uploads\/2024\/12\/zee-en-meer-omgeving-5-1280x960.jpg 1280w, https:\/\/www.strandenmeer.nl\/wp-content\/uploads\/2024\/12\/zee-en-meer-omgeving-5-980x735.jpg 980w, https:\/\/www.strandenmeer.nl\/wp-content\/uploads\/2024\/12\/zee-en-meer-omgeving-5-480x360.jpg 480w\" sizes=\"(min-width: 0px) and (max-width: 480px) 480px, (min-width: 481px) and (max-width: 980px) 980px, (min-width: 981px) and (max-width: 1280px) 1280px, (min-width: 1281px) 1920px, 100vw\" class=\"wp-image-71\" title=\"zee-en-meer-omgeving-5\" \/><\/span><\/div><\/div><\/div><\/div><div class=\"et_pb_section_2 et_pb_section et_section_regular et_block_section\"><div class=\"et_pb_row_2 et_pb_row et_pb_equal_columns et_pb_gutters1 et_block_row et_animated\"><div class=\"et_pb_column_3 et_pb_column et_pb_column_3_5 et_block_column et_pb_css_mix_blend_mode_passthrough\"><div class=\"et_pb_text_2 et_pb_text et_pb_bg_layout_light et_pb_module et_block_module hav-split-text-container preset--module--divi-text--69d90e4b7c3cc\"><div class=\"et_pb_text_inner\"><h2>Wandern und Radfahren<br \/>\n<\/h2>\n<\/div><\/div><\/div><div class=\"et_pb_column_4 et_pb_column et_pb_column_2_5 et-last-child et_block_column et_pb_css_mix_blend_mode_passthrough\"><div class=\"et_pb_text_3 et_pb_text et_pb_bg_layout_light et_pb_module et_block_module hav-split-text-container preset--module--divi-text--69d90e4b7c3cc\"><div class=\"et_pb_text_inner\"><p>Direkt vor der Haust\u00fcr unserer Ferienwohnungen k\u00f6nnen Sie herrlich wandern und Rad fahren. Unternehmen Sie lange Spazierg\u00e4nge entlang des Strandes oder durch die D\u00fcnen. Innerhalb weniger Minuten erreichen Sie den Nationalpark Hollandse Duinen. Folgen Sie dem Radweg nach Wassenaar oder Scheveningen. Erkunden Sie eine der ausgeschilderten Wanderrouten und lassen Sie sich von der vielf\u00e4ltigen D\u00fcnenflora oder den schottischen Hochlandrindern \u00fcberraschen, die einen Teil des D\u00fcnengebiets beweiden. Auf der Website des <a href=\"https:\/\/www.vvvkatwijk.nl\/de\/aktivitaten\/routen\" target=\"_blank\" rel=\"noopener\"><span class=\"s1\">VVV Katwijk<\/span><\/a> finden Sie verschiedene Wander- und Fahrradrouten in der Umgebung. Beispielsweise f\u00fchrt die Duin &amp; Zee-Fahrradroute Sie auf 33 Kilometern entlang der sch\u00f6nsten Naturschutzgebiete und zahlreicher Sehensw\u00fcrdigkeiten rund um Leiden, Katwijk und Wassenaar. Weitere Fahrradtouren finden Sie auf <a href=\"http:\/\/www.fietsnetwerk.nl\/de\/\" target=\"_blank\" rel=\"noopener\"><span class=\"s1\">www.fietsnetwerk.nl\/de\/<\/span><\/a>, und diverse Wandertouren in und um Katwijk sind auf <a href=\"https:\/\/www.komoot.com\/de-de\" target=\"_blank\" rel=\"noopener\"><span class=\"s1\">Komoot<\/span><\/a>. verf\u00fcgbar.<\/p>\n<\/div><\/div><\/div><\/div><\/div><div class=\"et_pb_section_3 et_pb_section et_section_regular et_block_section\"><div class=\"et_pb_row_3 et_pb_row et_pb_equal_columns et_pb_gutters2 et_block_row\"><div class=\"et_pb_column_5 et_pb_column et_pb_column_1_2 et_block_column et_pb_css_mix_blend_mode_passthrough et_animated\"><div class=\"et_pb_text_4 et_pb_text et_pb_bg_layout_light et_pb_module et_block_module hav-split-text-container preset--module--divi-text--69d90e4b7c3cc\"><div class=\"et_pb_text_inner\"><h2><strong>Farbenfrohe Blumenfelder<\/strong><\/h2>\n<\/div><\/div><div class=\"et_pb_text_5 et_pb_text et_pb_bg_layout_light et_pb_module et_block_module hav-split-text-container preset--module--divi-text--69d90e4b7c3cc\"><div class=\"et_pb_text_inner\"><p class=\"p1\">Katwijk liegt in der Bollenstreek, der ber\u00fchmten niederl\u00e4ndischen Blumenzwiebelregion. <a href=\"https:\/\/keukenhof.nl\/de\/\" target=\"_blank\" rel=\"noopener\"><span class=\"s1\">Keukenhof<\/span><\/a>, der sch\u00f6nste Blumenpark der Welt, befindet sich weniger als 20 km von unseren Ferienwohnungen entfernt. Auch au\u00dferhalb des Keukenhofs k\u00f6nnen Sie im Fr\u00fchjahr die Blumenpracht genie\u00dfen. Im Fr\u00fchling verwandeln sich die umliegenden Felder in ein farbenfrohes Bl\u00fctenmeer \u2013 die ber\u00fchmten niederl\u00e4ndischen Tulpen und Hyazinthen sind dann \u00fcberall zu sehen. Ein Muss f\u00fcr Naturliebhaber und Fotofans!<\/p>\n<p class=\"p1\">Die Blumenfelder befinden sich haupts\u00e4chlich zwischen den D\u00fcnen und den charmanten Blumend\u00f6rfern Lisse, Hillegom, Noordwijkerhout und Voorhout. M\u00f6chten Sie wissen, wo Sie die bl\u00fchenden Felder sehen k\u00f6nnen? Schauen Sie auf der <a href=\"https:\/\/bollenstreek.nl\/wann-bluehen-blumenfelder-niederlanden\/?lang=de\" target=\"_blank\" rel=\"noopener\"><span class=\"s1\">Website der Bollenstreek<\/span><\/a> nach.<\/p>\n<\/div><\/div><\/div><div class=\"et_pb_column_6 et_pb_column et_pb_column_1_2 et-last-child et_block_column et_pb_css_mix_blend_mode_passthrough et_animated\"><div class=\"et_pb_image_2 et_pb_image et_pb_module et_block_module\"><span class=\"et_pb_image_wrap\"><img loading=\"lazy\" decoding=\"async\" src=\"https:\/\/www.strandenmeer.nl\/wp-content\/uploads\/2025\/01\/keukenhof.jpg\" width=\"1280\" height=\"1280\" srcset=\"https:\/\/www.strandenmeer.nl\/wp-content\/uploads\/2025\/01\/keukenhof.jpg 1280w, https:\/\/www.strandenmeer.nl\/wp-content\/uploads\/2025\/01\/keukenhof-980x980.jpg 980w, https:\/\/www.strandenmeer.nl\/wp-content\/uploads\/2025\/01\/keukenhof-480x480.jpg 480w\" sizes=\"(min-width: 0px) and (max-width: 480px) 480px, (min-width: 481px) and (max-width: 980px) 980px, (min-width: 981px) 1280px, 100vw\" class=\"wp-image-537\" title=\"keukenhof\" \/><\/span><\/div><\/div><\/div><\/div><div class=\"et_pb_section_4 et_pb_section et_section_regular et_block_section\"><div class=\"et_pb_row_4 et_pb_row et_pb_equal_columns et_pb_gutters2 et_block_row et_animated row-align-vertical\"><div class=\"et_pb_column_7 et_pb_column et_pb_column_1_2 et_block_column et_pb_css_mix_blend_mode_passthrough\"><div class=\"et_pb_image_3 et_pb_image et_pb_module et_block_module\"><span class=\"et_pb_image_wrap\"><img loading=\"lazy\" decoding=\"async\" src=\"https:\/\/www.strandenmeer.nl\/wp-content\/uploads\/2025\/01\/Katwijk-foto-van-maarten-van-rijn.jpg\" width=\"1363\" height=\"2048\" srcset=\"https:\/\/www.strandenmeer.nl\/wp-content\/uploads\/2025\/01\/Katwijk-foto-van-maarten-van-rijn.jpg 1363w, https:\/\/www.strandenmeer.nl\/wp-content\/uploads\/2025\/01\/Katwijk-foto-van-maarten-van-rijn-1280x1923.jpg 1280w, https:\/\/www.strandenmeer.nl\/wp-content\/uploads\/2025\/01\/Katwijk-foto-van-maarten-van-rijn-980x1473.jpg 980w, https:\/\/www.strandenmeer.nl\/wp-content\/uploads\/2025\/01\/Katwijk-foto-van-maarten-van-rijn-480x721.jpg 480w\" sizes=\"(min-width: 0px) and (max-width: 480px) 480px, (min-width: 481px) and (max-width: 980px) 980px, (min-width: 981px) and (max-width: 1280px) 1280px, (min-width: 1281px) 1363px, 100vw\" class=\"wp-image-540\" title=\"Katwijk-foto-van-maarten-van-rijn\" \/><\/span><\/div><\/div><div class=\"et_pb_column_8 et_pb_column et_pb_column_1_2 et-last-child et_block_column et_pb_css_mix_blend_mode_passthrough\"><div class=\"et_pb_text_6 et_pb_text et_pb_bg_layout_light et_pb_module et_block_module hav-split-text-container preset--module--divi-text--69d90e4b7c3cc\"><div class=\"et_pb_text_inner\"><h2>Die Geschichte von Katwijk<br \/>\n<\/h2>\n<\/div><\/div><div class=\"et_pb_text_7 et_pb_text et_pb_bg_layout_light et_pb_module et_block_module hav-split-text-container preset--module--divi-text--69d90e4b7c3cc\"><div class=\"et_pb_text_inner\"><p class=\"p1\">Katwijk war einst ein echtes Fischerdorf. Bereits im Mittelalter wurde hier auf See gefischt. Da es keinen Hafen gab, fuhren die Fischer mit Plattbodenschiffen direkt vom Strand aus aufs Meer. Die gesch\u00e4ftige Atmosph\u00e4re am Katwijker Strand zog viele Maler an. Mehr als 1.200 K\u00fcnstler arbeiteten in Katwijk. Einige von ihnen lie\u00dfen sich sogar ein Haus an der Promenade bauen. Jan Toorop, Willy Sluiter und B.J. Blommers lebten und arbeiteten hier f\u00fcr kurze oder l\u00e4ngere Zeit. Auch deutsche Maler wie Hans von Bartels, Max Liebermann, German Grobe und Gerhard 'Morgenstjerne' Munthe kamen nach Katwijk, um zu malen. Im <a href=\"https:\/\/www.katwijksmuseum.nl\/de\/\" target=\"_blank\" rel=\"noopener\"><span class=\"s1\">Katwijks Museum<\/span><\/a> erfahren Sie mehr \u00fcber die Geschichte von Katwijk und k\u00f6nnen eine beeindruckende Gem\u00e4ldesammlung bewundern. Das Museum befindet sich im Zentrum von Katwijk und ist von unseren Ferienwohnungen aus in 10 Minuten zu Fu\u00df erreichbar.<\/p>\n<\/div><\/div><\/div><\/div><\/div><div class=\"et_pb_section_5 et_pb_section et_section_regular et_block_section\"><div class=\"et_pb_row_5 et_pb_row et_pb_equal_columns et_block_row et_animated\"><div class=\"et_pb_column_9 et_pb_column et_pb_column_1_2 et_block_column et_pb_css_mix_blend_mode_passthrough\"><div class=\"et_pb_text_8 et_pb_text et_pb_bg_layout_light et_pb_module et_block_module hav-split-text-container preset--module--divi-text--69d90e4b7c3cc\"><div class=\"et_pb_text_inner\"><h2>Streifz\u00fcge durch historische niederl\u00e4ndische St\u00e4dte<\/h2>\n<p class=\"p1\">Auch f\u00fcr Kulturliebhaber und St\u00e4dtereisende ist Katwijk ein idealer Ausgangspunkt:<br \/>Von hier aus erreichen Sie innerhalb von 40 Minuten bekannte St\u00e4dte wie Leiden, Den Haag, Delft, Haarlem und sogar <a href=\"https:\/\/www.iamsterdam.com\/de\" target=\"_blank\" rel=\"noopener\"><span class=\"s1\">Amsterdam<\/span><\/a>. Erkunden Sie historische Altst\u00e4dte, Grachten, Museen und typisch holl\u00e4ndische M\u00e4rkte \u2013 und kehren Sie abends zur\u00fcck in die Ruhe Ihrer eigenen Ferienwohnung am Meer.<\/p>\n<p class=\"p1\"><span class=\"s1\"><a href=\"https:\/\/www.visitleiden.nl\/de\" target=\"_blank\" rel=\"noopener\">Leiden<\/a><\/span> ist eine Lebendige Studentenstadt mit reicher Vergangenheit. In nur einer halben Stunde erreichen Sie mit dem Fahrrad die historische Innenstadt. Entdecken Sie versteckte Innenh\u00f6fe oder unternehmen Sie eine Bootsfahrt durch die Grachten \u2013 Langeweile kommt hier nicht auf. <a href=\"https:\/\/www.indelft.nl\/de\" target=\"_blank\" rel=\"noopener\"><span class=\"s1\">Delft<\/span><\/a> und <a href=\"https:\/\/www.visithaarlem.com\/de\/\" target=\"_blank\" rel=\"noopener\"><span class=\"s1\">Haarlem<\/span><\/a> sind zwei typisch alt-holl\u00e4ndische St\u00e4dte mit historischen Geb\u00e4uden, Grachten und einem gem\u00fctlichen Zentrum. Beide werden auch als \"kleines Amsterdam\" bezeichnet. Die k\u00f6nigliche Stadt <a href=\"https:\/\/denhaag.com\/de\" target=\"_blank\" rel=\"noopener\"><span class=\"s1\">Den Haag<\/span><\/a> ist eine Stadt voller Geschichte, Kultur und beeindruckender Architektur. Von imposanten Denkm\u00e4lern \u00fcber majest\u00e4tische Kirchen und k\u00f6nigliche Pal\u00e4ste bis hin zu gro\u00dfartigen Museen \u2013 hier gibt es viel zu entdecken. Nat\u00fcrlich gibt es auch zahlreiche Einkaufsm\u00f6glichkeiten und hervorragende Restaurants.<span class=\"Apple-converted-space\">\u00a0 <\/span>Alle St\u00e4dte sind auch gut mit \u00f6ffentlichen Verkehrsmitteln erreichbar. Planen Sie Ihren St\u00e4dtetrip einfach und schnell \u00fcber <a href=\"https:\/\/9292.nl\/\" target=\"_blank\" rel=\"noopener\"><span class=\"s1\">OV9292.nl<\/span><\/a>.<\/p>\n<\/div><\/div><\/div><div class=\"et_pb_column_10 et_pb_column et_pb_column_1_2 et-last-child et_block_column et_pb_css_mix_blend_mode_passthrough\"><div class=\"et_pb_image_4 et_pb_image et_pb_image_sticky et_pb_module et_block_module\"><span class=\"et_pb_image_wrap\"><img loading=\"lazy\" decoding=\"async\" src=\"https:\/\/www.strandenmeer.nl\/wp-content\/uploads\/2025\/01\/delft.jpg\" width=\"1280\" height=\"853\" srcset=\"https:\/\/www.strandenmeer.nl\/wp-content\/uploads\/2025\/01\/delft.jpg 1280w, https:\/\/www.strandenmeer.nl\/wp-content\/uploads\/2025\/01\/delft-980x653.jpg 980w, https:\/\/www.strandenmeer.nl\/wp-content\/uploads\/2025\/01\/delft-480x320.jpg 480w\" sizes=\"(min-width: 0px) and (max-width: 480px) 480px, (min-width: 481px) and (max-width: 980px) 980px, (min-width: 981px) 1280px, 100vw\" class=\"wp-image-544\" title=\"delft\" \/><\/span><\/div><\/div><\/div><\/div><div class=\"et_pb_section_6 et_pb_section et_section_regular et_block_section\"><div class=\"et_pb_row_6 et_pb_row et_pb_equal_columns et_pb_gutters1 et_block_row et_animated\"><div class=\"et_pb_column_11 et_pb_column et_pb_column_1_2 et_block_column et_pb_column_empty et_pb_css_mix_blend_mode_passthrough\"><\/div><div class=\"et_pb_column_12 et_pb_column et_pb_column_1_2 et-last-child et_block_column et_pb_css_mix_blend_mode_passthrough et_animated\"><div class=\"et_pb_text_9 et_pb_text et_pb_bg_layout_light et_pb_module et_block_module hav-split-text-container preset--module--divi-text--69d90e4b7c3cc\"><div class=\"et_pb_text_inner\"><h2>Bootsfahrten nach Leiden oder Rundfahrten \u00fcber die Kagerplassen<\/h2>\n<p class=\"p1\">In den Sommermonaten (Juni bis September) k\u00f6nnen Sie dienstags, mittwochs und sonntags mit einem <a href=\"https:\/\/www.leidserederij.nl\/venetie-van-het-westen?lang=de\" target=\"_blank\" rel=\"noopener\"><span class=\"s1\">Wasserpendelboot nach Leiden<\/span><\/a> und zur\u00fcck fahren. Sie fahren entlang der Limes, der nat\u00fcrlichen Nordgrenze des alten R\u00f6mischen Reiches, und passieren dabei Oegstgeest, Valkenburg und Rijnsburg. Nach etwa einer Stunde und 15 Minuten erreichen Sie die Innenstadt von Leiden. In den Sommermonaten bietet die <a href=\"https:\/\/webshop.rederijvanhulst.nl\/?locale=de\" target=\"_blank\" rel=\"noopener\"><span class=\"s1\">Rederij van der Hulst<\/span><\/a> zwei Rundfahrten von Katwijk aus an: die Rundfahrt \"Rund um Leiden\" und die \"M\u00fchlen- und Seentour\".<\/p>\n<\/div><\/div><\/div><\/div><\/div><div class=\"et_pb_section_7 et_pb_section et_section_regular et_block_section\"><div class=\"et_pb_row_7 et_pb_row et_block_row\"><div class=\"et_pb_column_13 et_pb_column et_pb_column_4_4 et-last-child et_block_column et_pb_css_mix_blend_mode_passthrough\"><div class=\"et_pb_text_10 et_pb_text et_pb_bg_layout_light et_animated et_pb_module et_block_module hav-split-text-container preset--module--divi-text--69d90e4b7c3cc\"><div class=\"et_pb_text_inner\"><h2>M\u00e4rkte in und um Katwijk<\/h2>\n<table>\n<tbody>\n<tr>\n<th>Tag<\/th>\n<th>Ort<\/th>\n<th>Information<\/th>\n<\/tr>\n<tr>\n<td>Montag<\/td>\n<td>Noordwijkerhout<\/td>\n<td>Ganzj\u00e4hrig<\/td>\n<\/tr>\n<tr>\n<td>Dienstag<\/td>\n<td>Katwijk<\/td>\n<td>Touristenmarkt, nur im Juli und August<\/td>\n<\/tr>\n<tr>\n<td><\/td>\n<td>Hillegom<\/td>\n<td>Ganzj\u00e4hrig<\/td>\n<\/tr>\n<tr>\n<td>Mittwoch<\/td>\n<td>Leiden<\/td>\n<td>Ganzj\u00e4hrig<\/td>\n<\/tr>\n<tr>\n<td><\/td>\n<td>Noordwijk<\/td>\n<td>Sommermarkt, nur im Juli und August<\/td>\n<\/tr>\n<tr>\n<td>Donnerstag<\/td>\n<td>Sassenheim<\/td>\n<td>Ganzj\u00e4hrig<\/td>\n<\/tr>\n<tr>\n<td>Freitag<\/td>\n<td>Katwijk<\/td>\n<td>Ganzj\u00e4hrig<\/td>\n<\/tr>\n<tr>\n<td>Samstag<\/td>\n<td>Leiden<\/td>\n<td>Ganzj\u00e4hrig<\/td>\n<\/tr>\n<tr>\n<td><\/td>\n<td>Warmond<\/td>\n<td>Ganzj\u00e4hrig<\/td>\n<\/tr>\n<\/tbody>\n<\/table>\n<\/div><\/div><div class=\"et_pb_text_11 et_pb_text et_pb_bg_layout_light et_animated et_pb_module et_block_module hav-split-text-container preset--module--divi-text--69d90e4b7c3cc\"><div class=\"et_pb_text_inner\"><h2>Evenementen in en rond Katwijk 2026<\/h2>\n<table>\n<tbody>\n<tr>\n<th>Datum<\/th>\n<th>Veranstaltung<\/th>\n<th>Information<\/th>\n<\/tr>\n<tr>\n<td>19. April<\/td>\n<td>Blumenkorso der Bollenstreek<\/td>\n<td>Eine 42 km lange Parade mit pr\u00e4chtig geschm\u00fcckten Festwagen. Ein fantastisches Erlebnis! <a href=\"https:\/\/bloemencorso-bollenstreek.nl\/\" target=\"_blank\" rel=\"noopener\">Weitere Informationen und Route<\/a>.<\/td>\n<\/tr>\n<tr>\n<td>27. April<\/td>\n<td>K\u00f6nigstag<\/td>\n<td>Wir\u00a0 feieren den Geburtstag des K\u00f6nigs mit viele Festlichkeiten.<\/td>\n<\/tr>\n<tr>\n<td>4. Juli<\/td>\n<td>Search and Rescue Event (SAR)<\/td>\n<td><a href=\"https:\/\/sarkatwijk.nl\/\" target=\"_blank\" rel=\"noopener\">SAR Katwijk<\/a> ist bekannt f\u00fcr spektakul\u00e4re Demonstrationen, die einen Einblick in die Arbeit unserer Rettungsdienste geben.<\/td>\n<\/tr>\n<tr>\n<td>6. \u2013 15. August<\/td>\n<td>Nordsee-Festival<\/td>\n<td>Eine Woche lang Musik und vieles mehr am Strand von Katwijk. <a href=\"https:\/\/noordzeezomerfestival.nl\/\" target=\"_blank\" rel=\"noopener\">Weitere Informationen<\/a>.<\/td>\n<\/tr>\n<tr>\n<td>8. August<\/td>\n<td>Blumenparade Rijnsburg<\/td>\n<td>Ein fahrendes Blumentheater mit Festwagen, Musikfahrzeugen, blumengeschm\u00fcckten Autos und Musikkapellen. <a href=\"https:\/\/www.rijnsburgscorso.nl\/\" target=\"_blank\" rel=\"noopener\">Weitere Informationen und Route<\/a>.<\/td>\n<\/tr>\n<\/tbody>\n<\/table>\n<\/div><\/div><\/div><\/div><\/div>\n","protected":false},"excerpt":{"rendered":"","protected":false},"author":1,"featured_media":0,"parent":0,"menu_order":0,"comment_status":"closed","ping_status":"closed","template":"","meta":{"_acf_changed":false,"footnotes":""},"class_list":["post-707","page","type-page","status-publish","hentry"],"acf":[],"_links":{"self":[{"href":"https:\/\/www.strandenmeer.nl\/de\/wp-json\/wp\/v2\/pages\/707","targetHints":{"allow":["GET"]}}],"collection":[{"href":"https:\/\/www.strandenmeer.nl\/de\/wp-json\/wp\/v2\/pages"}],"about":[{"href":"https:\/\/www.strandenmeer.nl\/de\/wp-json\/wp\/v2\/types\/page"}],"author":[{"embeddable":true,"href":"https:\/\/www.strandenmeer.nl\/de\/wp-json\/wp\/v2\/users\/1"}],"replies":[{"embeddable":true,"href":"https:\/\/www.strandenmeer.nl\/de\/wp-json\/wp\/v2\/comments?post=707"}],"version-history":[{"count":10,"href":"https:\/\/www.strandenmeer.nl\/de\/wp-json\/wp\/v2\/pages\/707\/revisions"}],"predecessor-version":[{"id":977,"href":"https:\/\/www.strandenmeer.nl\/de\/wp-json\/wp\/v2\/pages\/707\/revisions\/977"}],"wp:attachment":[{"href":"https:\/\/www.strandenmeer.nl\/de\/wp-json\/wp\/v2\/media?parent=707"}],"curies":[{"name":"wp","href":"https:\/\/api.w.org\/{rel}","templated":true}]}}